{"id":2,"date":"2019-06-25T21:23:29","date_gmt":"2019-06-25T21:23:29","guid":{"rendered":"http:\/\/mikas.colli.com.br\/?page_id=2"},"modified":"2021-07-29T15:02:57","modified_gmt":"2021-07-29T15:02:57","slug":"sample-page","status":"publish","type":"page","link":"https:\/\/mikas.colli.com.br\/site\/sample-page\/","title":{"rendered":"Minha Hist\u00f3ria"},"content":{"rendered":"\n<figure class=\"wp-block-image\"><img loading=\"lazy\" decoding=\"async\" width=\"960\" height=\"639\" src=\"http:\/\/mikas.colli.com.br\/wp-content\/uploads\/2019\/06\/mk1.jpg\" alt=\"\" class=\"wp-image-6\" srcset=\"https:\/\/mikas.colli.com.br\/site\/wp-content\/uploads\/2019\/06\/mk1.jpg 960w, https:\/\/mikas.colli.com.br\/site\/wp-content\/uploads\/2019\/06\/mk1-300x200.jpg 300w, https:\/\/mikas.colli.com.br\/site\/wp-content\/uploads\/2019\/06\/mk1-768x511.jpg 768w, https:\/\/mikas.colli.com.br\/site\/wp-content\/uploads\/2019\/06\/mk1-250x166.jpg 250w\" sizes=\"auto, (max-width: 960px) 100vw, 960px\" \/><\/figure>\n\n\n\n<blockquote class=\"wp-block-quote is-layout-flow wp-block-quote-is-layout-flow\"><p>Um guitarrista em busca da nota perfeita.<\/p><p>A m\u00fasica faz parte da minha hist\u00f3ria e da minha vida por consequ\u00eancia, na verdade tudo come\u00e7ou com uma nota estridente ao nascer, acho que foi um S\u00ed Bemol ao quadrado.<\/p><p>Venho compondo m\u00fasicas e executando, porque?<\/p><p>Faz parte da minha ess\u00eancia, sem isso n\u00e3o poderia existir.<\/p><p> <\/p><\/blockquote>\n\n\n\n<p><\/p>\n\n\n\n<blockquote class=\"wp-block-quote is-layout-flow wp-block-quote-is-layout-flow\"><p>Apresento a voc\u00eas parte do trabalho musical que ando fazendo por ai, portanto pe\u00e7o sua aten\u00e7\u00e3o e apoio como sempre.<\/p><p>As redes sociais mostrar\u00e3o parte do meu dia a dia e das novidades, gostaria que voc\u00ea me acompanhasse, seguisse e me ouvisse.<\/p><p><\/p><\/blockquote>\n","protected":false},"excerpt":{"rendered":"<p>Um guitarrista em busca da nota perfeita. A m\u00fasica faz parte da minha hist\u00f3ria e da minha vida por consequ\u00eancia, [&hellip;]<\/p>\n","protected":false},"author":1,"featured_media":0,"parent":0,"menu_order":0,"comment_status":"closed","ping_status":"open","template":"","meta":{"footnotes":""},"class_list":["post-2","page","type-page","status-publish","hentry"],"_links":{"self":[{"href":"https:\/\/mikas.colli.com.br\/site\/wp-json\/wp\/v2\/pages\/2","targetHints":{"allow":["GET"]}}],"collection":[{"href":"https:\/\/mikas.colli.com.br\/site\/wp-json\/wp\/v2\/pages"}],"about":[{"href":"https:\/\/mikas.colli.com.br\/site\/wp-json\/wp\/v2\/types\/page"}],"author":[{"embeddable":true,"href":"https:\/\/mikas.colli.com.br\/site\/wp-json\/wp\/v2\/users\/1"}],"replies":[{"embeddable":true,"href":"https:\/\/mikas.colli.com.br\/site\/wp-json\/wp\/v2\/comments?post=2"}],"version-history":[{"count":4,"href":"https:\/\/mikas.colli.com.br\/site\/wp-json\/wp\/v2\/pages\/2\/revisions"}],"predecessor-version":[{"id":197,"href":"https:\/\/mikas.colli.com.br\/site\/wp-json\/wp\/v2\/pages\/2\/revisions\/197"}],"wp:attachment":[{"href":"https:\/\/mikas.colli.com.br\/site\/wp-json\/wp\/v2\/media?parent=2"}],"curies":[{"name":"wp","href":"https:\/\/api.w.org\/{rel}","templated":true}]}}