{"id":71,"date":"2019-12-27T20:15:58","date_gmt":"2019-12-27T20:15:58","guid":{"rendered":"http:\/\/mikas.colli.com.br\/?page_id=71"},"modified":"2026-01-29T21:27:16","modified_gmt":"2026-01-29T21:27:16","slug":"apoiadores","status":"publish","type":"page","link":"https:\/\/mikas.colli.com.br\/site\/apoiadores\/","title":{"rendered":"Apoiadores"},"content":{"rendered":"\n<p class=\"has-black-color has-text-color has-link-color wp-elements-09d1b7224cb1adbc1ebd2a2fcd62a6ac\"><strong>Sem eles n\u00e3o seria poss\u00edvel continuar neste trabalho, por isso sou grato a estas pessoas que vem colaborando com o meu trabalho e com a cultura deste pa\u00eds.<\/strong><\/p>\n\n\n\n<div class=\"wp-block-group is-layout-grid wp-container-core-group-is-layout-da470f35 wp-block-group-is-layout-grid\">\n<figure class=\"wp-block-image size-full is-resized\"><a href=\"https:\/\/www.instagram.com\/arsguitars\/\" target=\"_blank\" rel=\" noreferrer noopener\"><img loading=\"lazy\" decoding=\"async\" width=\"681\" height=\"367\" src=\"https:\/\/mikas.colli.com.br\/site\/wp-content\/uploads\/2026\/01\/IMG-7046__1_-removebg-preview.png\" alt=\"\" class=\"wp-image-411\" style=\"width:339px;height:auto\" srcset=\"https:\/\/mikas.colli.com.br\/site\/wp-content\/uploads\/2026\/01\/IMG-7046__1_-removebg-preview.png 681w, https:\/\/mikas.colli.com.br\/site\/wp-content\/uploads\/2026\/01\/IMG-7046__1_-removebg-preview-300x162.png 300w\" sizes=\"auto, (max-width: 681px) 100vw, 681px\" \/><\/a><\/figure>\n\n\n\n<figure class=\"wp-block-image size-full\"><a href=\"https:\/\/agenciaturbo.com\" target=\"_blank\" rel=\" noreferrer noopener\"><img loading=\"lazy\" decoding=\"async\" width=\"586\" height=\"257\" src=\"https:\/\/mikas.colli.com.br\/site\/wp-content\/uploads\/2026\/01\/turboag-removebg-preview.png\" alt=\"\" class=\"wp-image-421\" srcset=\"https:\/\/mikas.colli.com.br\/site\/wp-content\/uploads\/2026\/01\/turboag-removebg-preview.png 586w, https:\/\/mikas.colli.com.br\/site\/wp-content\/uploads\/2026\/01\/turboag-removebg-preview-300x132.png 300w\" sizes=\"auto, (max-width: 586px) 100vw, 586px\" \/><\/a><\/figure>\n\n\n\n<figure class=\"wp-block-image size-full is-resized\"><a href=\"https:\/\/www.velhooestestore.com.br\/\" target=\"_blank\" rel=\" noreferrer noopener\"><img loading=\"lazy\" decoding=\"async\" width=\"900\" height=\"300\" src=\"https:\/\/mikas.colli.com.br\/site\/wp-content\/uploads\/2019\/12\/velhooeste-1.png\" alt=\"\" class=\"wp-image-94\" style=\"width:327px;height:auto\" srcset=\"https:\/\/mikas.colli.com.br\/site\/wp-content\/uploads\/2019\/12\/velhooeste-1.png 900w, https:\/\/mikas.colli.com.br\/site\/wp-content\/uploads\/2019\/12\/velhooeste-1-300x100.png 300w, https:\/\/mikas.colli.com.br\/site\/wp-content\/uploads\/2019\/12\/velhooeste-1-768x256.png 768w\" sizes=\"auto, (max-width: 900px) 100vw, 900px\" \/><\/a><\/figure>\n\n\n\n<figure class=\"wp-block-image size-full\"><a href=\"https:\/\/grupoairsafety.com.br\" target=\"_blank\" rel=\" noreferrer noopener\"><img loading=\"lazy\" decoding=\"async\" width=\"473\" height=\"389\" src=\"https:\/\/mikas.colli.com.br\/site\/wp-content\/uploads\/2026\/01\/airsafety-removebg-preview.png\" alt=\"\" class=\"wp-image-413\" srcset=\"https:\/\/mikas.colli.com.br\/site\/wp-content\/uploads\/2026\/01\/airsafety-removebg-preview.png 473w, https:\/\/mikas.colli.com.br\/site\/wp-content\/uploads\/2026\/01\/airsafety-removebg-preview-300x247.png 300w\" sizes=\"auto, (max-width: 473px) 100vw, 473px\" \/><\/a><\/figure>\n\n\n\n<figure class=\"wp-block-image size-full is-resized\"><img loading=\"lazy\" decoding=\"async\" width=\"640\" height=\"390\" src=\"https:\/\/mikas.colli.com.br\/site\/wp-content\/uploads\/2026\/01\/multifarma_vert_JPG__1_-removebg-preview.png\" alt=\"\" class=\"wp-image-412\" style=\"width:238px;height:auto\" srcset=\"https:\/\/mikas.colli.com.br\/site\/wp-content\/uploads\/2026\/01\/multifarma_vert_JPG__1_-removebg-preview.png 640w, https:\/\/mikas.colli.com.br\/site\/wp-content\/uploads\/2026\/01\/multifarma_vert_JPG__1_-removebg-preview-300x183.png 300w\" sizes=\"auto, (max-width: 640px) 100vw, 640px\" \/><\/figure>\n\n\n\n<figure class=\"wp-block-image size-full\"><img loading=\"lazy\" decoding=\"async\" width=\"558\" height=\"390\" src=\"https:\/\/mikas.colli.com.br\/site\/wp-content\/uploads\/2026\/01\/ozpedais.png\" alt=\"\" class=\"wp-image-410\" srcset=\"https:\/\/mikas.colli.com.br\/site\/wp-content\/uploads\/2026\/01\/ozpedais.png 558w, https:\/\/mikas.colli.com.br\/site\/wp-content\/uploads\/2026\/01\/ozpedais-300x210.png 300w\" sizes=\"auto, (max-width: 558px) 100vw, 558px\" \/><\/figure>\n\n\n\n<figure class=\"wp-block-image size-full\"><img loading=\"lazy\" decoding=\"async\" width=\"378\" height=\"407\" src=\"https:\/\/mikas.colli.com.br\/site\/wp-content\/uploads\/2026\/01\/AF70-1.png\" alt=\"\" class=\"wp-image-414\" srcset=\"https:\/\/mikas.colli.com.br\/site\/wp-content\/uploads\/2026\/01\/AF70-1.png 378w, https:\/\/mikas.colli.com.br\/site\/wp-content\/uploads\/2026\/01\/AF70-1-279x300.png 279w\" sizes=\"auto, (max-width: 378px) 100vw, 378px\" \/><\/figure>\n\n\n\n<figure class=\"wp-block-image size-full\"><a href=\"https:\/\/www.instagram.com\/vandre.nascimento\/\" target=\"_blank\" rel=\" noreferrer noopener\"><img loading=\"lazy\" decoding=\"async\" width=\"596\" height=\"176\" src=\"https:\/\/mikas.colli.com.br\/site\/wp-content\/uploads\/2026\/01\/vandre-1.png\" alt=\"\" class=\"wp-image-415\" srcset=\"https:\/\/mikas.colli.com.br\/site\/wp-content\/uploads\/2026\/01\/vandre-1.png 596w, https:\/\/mikas.colli.com.br\/site\/wp-content\/uploads\/2026\/01\/vandre-1-300x89.png 300w\" sizes=\"auto, (max-width: 596px) 100vw, 596px\" \/><\/a><\/figure>\n\n\n\n<figure class=\"wp-block-image size-full\"><a href=\"https:\/\/3www.com.br\" target=\"_blank\" rel=\" noreferrer noopener\"><img loading=\"lazy\" decoding=\"async\" width=\"692\" height=\"306\" src=\"https:\/\/mikas.colli.com.br\/site\/wp-content\/uploads\/2026\/01\/3www-semfundo.png\" alt=\"\" class=\"wp-image-416\" srcset=\"https:\/\/mikas.colli.com.br\/site\/wp-content\/uploads\/2026\/01\/3www-semfundo.png 692w, https:\/\/mikas.colli.com.br\/site\/wp-content\/uploads\/2026\/01\/3www-semfundo-300x133.png 300w\" sizes=\"auto, (max-width: 692px) 100vw, 692px\" \/><\/a><\/figure>\n<\/div>\n\n\n\n<h2 class=\"wp-block-heading has-black-color has-text-color has-link-color wp-elements-d239183bde9a075f6e0d2ca0b0f76335\">Parcerias de M\u00eddia e divulga\u00e7\u00e3o<\/h2>\n\n\n\n<div class=\"wp-block-group is-layout-grid wp-container-core-group-is-layout-9649a0d9 wp-block-group-is-layout-grid\">\n<figure class=\"wp-block-image size-full\"><a href=\"htttps:\/\/baruerieventos.com.br\" target=\"_blank\" rel=\" noreferrer noopener\"><img loading=\"lazy\" decoding=\"async\" width=\"500\" height=\"500\" src=\"https:\/\/mikas.colli.com.br\/site\/wp-content\/uploads\/2026\/01\/Baruerieventos_logo_26-removebg-preview-1.png\" alt=\"\" class=\"wp-image-425\" srcset=\"https:\/\/mikas.colli.com.br\/site\/wp-content\/uploads\/2026\/01\/Baruerieventos_logo_26-removebg-preview-1.png 500w, https:\/\/mikas.colli.com.br\/site\/wp-content\/uploads\/2026\/01\/Baruerieventos_logo_26-removebg-preview-1-300x300.png 300w, https:\/\/mikas.colli.com.br\/site\/wp-content\/uploads\/2026\/01\/Baruerieventos_logo_26-removebg-preview-1-150x150.png 150w\" sizes=\"auto, (max-width: 500px) 100vw, 500px\" \/><\/a><\/figure>\n\n\n\n<figure class=\"wp-block-image size-full\"><a href=\"https:\/\/radioagorafm.com.br\" target=\"_blank\" rel=\" noreferrer noopener\"><img loading=\"lazy\" decoding=\"async\" width=\"648\" height=\"646\" src=\"https:\/\/mikas.colli.com.br\/site\/wp-content\/uploads\/2026\/01\/cropped-1532048845779-1.png\" alt=\"\" class=\"wp-image-427\" srcset=\"https:\/\/mikas.colli.com.br\/site\/wp-content\/uploads\/2026\/01\/cropped-1532048845779-1.png 648w, https:\/\/mikas.colli.com.br\/site\/wp-content\/uploads\/2026\/01\/cropped-1532048845779-1-300x300.png 300w, https:\/\/mikas.colli.com.br\/site\/wp-content\/uploads\/2026\/01\/cropped-1532048845779-1-150x150.png 150w\" sizes=\"auto, (max-width: 648px) 100vw, 648px\" \/><\/a><\/figure>\n\n\n\n<figure class=\"wp-block-image size-full is-resized\"><a href=\"https:\/\/manecofm.com\/\" target=\"_blank\" rel=\" noreferrer noopener\"><img loading=\"lazy\" decoding=\"async\" width=\"312\" height=\"312\" src=\"https:\/\/mikas.colli.com.br\/site\/wp-content\/uploads\/2026\/01\/images-2-1.jpg\" alt=\"\" class=\"wp-image-448\" style=\"width:199px;height:auto\" srcset=\"https:\/\/mikas.colli.com.br\/site\/wp-content\/uploads\/2026\/01\/images-2-1.jpg 312w, https:\/\/mikas.colli.com.br\/site\/wp-content\/uploads\/2026\/01\/images-2-1-300x300.jpg 300w, https:\/\/mikas.colli.com.br\/site\/wp-content\/uploads\/2026\/01\/images-2-1-150x150.jpg 150w\" sizes=\"auto, (max-width: 312px) 100vw, 312px\" \/><\/a><\/figure>\n\n\n\n<figure class=\"wp-block-image size-large\"><a href=\"https:\/\/midiaoeste.com.br\" target=\"_blank\" rel=\" noreferrer noopener\"><img loading=\"lazy\" decoding=\"async\" width=\"1024\" height=\"1024\" src=\"https:\/\/mikas.colli.com.br\/site\/wp-content\/uploads\/2026\/01\/91907985_2802184236543903_4921759425720483840_o-1024x1024.jpg\" alt=\"\" class=\"wp-image-428\" srcset=\"https:\/\/mikas.colli.com.br\/site\/wp-content\/uploads\/2026\/01\/91907985_2802184236543903_4921759425720483840_o-1024x1024.jpg 1024w, https:\/\/mikas.colli.com.br\/site\/wp-content\/uploads\/2026\/01\/91907985_2802184236543903_4921759425720483840_o-300x300.jpg 300w, https:\/\/mikas.colli.com.br\/site\/wp-content\/uploads\/2026\/01\/91907985_2802184236543903_4921759425720483840_o-150x150.jpg 150w, https:\/\/mikas.colli.com.br\/site\/wp-content\/uploads\/2026\/01\/91907985_2802184236543903_4921759425720483840_o-768x767.jpg 768w, https:\/\/mikas.colli.com.br\/site\/wp-content\/uploads\/2026\/01\/91907985_2802184236543903_4921759425720483840_o.jpg 1101w\" sizes=\"auto, (max-width: 1024px) 100vw, 1024px\" \/><\/a><\/figure>\n<\/div>\n\n\n\n<div class=\"wp-block-group is-layout-grid wp-container-core-group-is-layout-9649a0d9 wp-block-group-is-layout-grid\">\n<div class=\"wp-block-group is-layout-grid wp-container-core-group-is-layout-9649a0d9 wp-block-group-is-layout-grid\"><\/div>\n<\/div>\n\n\n\n<p><\/p>\n","protected":false},"excerpt":{"rendered":"<p>Sem eles n\u00e3o seria poss\u00edvel continuar neste trabalho, por isso sou grato a estas pessoas que vem colaborando com o [&hellip;]<\/p>\n","protected":false},"author":1,"featured_media":0,"parent":0,"menu_order":0,"comment_status":"closed","ping_status":"closed","template":"","meta":{"footnotes":""},"class_list":["post-71","page","type-page","status-publish","hentry"],"_links":{"self":[{"href":"https:\/\/mikas.colli.com.br\/site\/wp-json\/wp\/v2\/pages\/71","targetHints":{"allow":["GET"]}}],"collection":[{"href":"https:\/\/mikas.colli.com.br\/site\/wp-json\/wp\/v2\/pages"}],"about":[{"href":"https:\/\/mikas.colli.com.br\/site\/wp-json\/wp\/v2\/types\/page"}],"author":[{"embeddable":true,"href":"https:\/\/mikas.colli.com.br\/site\/wp-json\/wp\/v2\/users\/1"}],"replies":[{"embeddable":true,"href":"https:\/\/mikas.colli.com.br\/site\/wp-json\/wp\/v2\/comments?post=71"}],"version-history":[{"count":29,"href":"https:\/\/mikas.colli.com.br\/site\/wp-json\/wp\/v2\/pages\/71\/revisions"}],"predecessor-version":[{"id":450,"href":"https:\/\/mikas.colli.com.br\/site\/wp-json\/wp\/v2\/pages\/71\/revisions\/450"}],"wp:attachment":[{"href":"https:\/\/mikas.colli.com.br\/site\/wp-json\/wp\/v2\/media?parent=71"}],"curies":[{"name":"wp","href":"https:\/\/api.w.org\/{rel}","templated":true}]}}