{"id":77,"date":"2019-12-27T20:26:11","date_gmt":"2019-12-27T20:26:11","guid":{"rendered":"http:\/\/mikas.colli.com.br\/?page_id=77"},"modified":"2025-09-18T14:22:00","modified_gmt":"2025-09-18T14:22:00","slug":"setup","status":"publish","type":"page","link":"https:\/\/mikas.colli.com.br\/site\/setup\/","title":{"rendered":"Setup"},"content":{"rendered":"\n<blockquote class=\"wp-block-quote is-layout-flow wp-block-quote-is-layout-flow\">\n<p>Tecnicamente, n\u00e3o sou um guitarrista. Tudo que toco \u00e9 verdade e emo\u00e7\u00e3o. ( Jimi Hendrix)<\/p>\n<\/blockquote>\n\n\n\n<p><\/p>\n\n\n\n<h3 class=\"wp-block-heading has-black-color has-text-color has-link-color wp-elements-0ce24f8693604d39cfdddd34f250599d\">Mikas Colli usa e indica as marcas e produtos:<\/h3>\n\n\n\n<ul class=\"wp-block-list\">\n<li class=\"has-luminous-vivid-orange-color has-text-color has-link-color wp-elements-424cdc3eeb8142bedd2f442506b33ece\"><strong>Pedais OZ<\/strong><\/li>\n\n\n\n<li class=\"has-luminous-vivid-orange-color has-text-color has-link-color wp-elements-607eb2c5abfb072d775a447405e6d9f0\"><a aria-label=\"PedalBoard Custom Shop AF 70 (abre numa nova aba)\" href=\"https:\/\/www.af70.com.br\/\" target=\"_blank\" rel=\"noreferrer noopener\"><strong>PedalBoard Custom Shop AF 70<\/strong><\/a><\/li>\n\n\n\n<li class=\"has-luminous-vivid-orange-color has-text-color has-link-color wp-elements-fc7c4bcfde096c17126fcbb0cbb086f4\"><a aria-label=\"Camisas Velho Oeste Story (abre numa nova aba)\" href=\"https:\/\/www.velhooestestore.com.br\/\" target=\"_blank\" rel=\"noreferrer noopener\"><strong>Camisas Velho Oeste Store<\/strong><\/a><\/li>\n\n\n\n<li class=\"has-luminous-vivid-orange-color has-text-color has-link-color wp-elements-80f23453fdbebba1f02fbfefa2428c1b\"><a aria-label=\"ARS Guitars  - Guitarras e Customiza\u00e7\u00f5es (abre numa nova aba)\" href=\"https:\/\/www.facebook.com\/arsguiitars\" target=\"_blank\" rel=\"noreferrer noopener\"><strong>ARS Guitars  &#8211; Guitarras e Customiza\u00e7\u00f5es<\/strong><\/a><\/li>\n<\/ul>\n\n\n\n<p class=\"has-luminous-vivid-orange-color has-text-color has-link-color wp-elements-4a8b107ba93e06aa5fa23c496fc10a3e\"><\/p>\n\n\n\n<p class=\"has-cyan-bluish-gray-color has-text-color has-link-color wp-elements-b73bf33cd16efcf1161f830497cf1308\"><strong>Informa\u00e7\u00f5es T\u00e9cnicas<\/strong><\/p>\n\n\n\n<p><strong><a href=\"https:\/\/mikas.colli.com.br\/site\/wp-content\/uploads\/2023\/05\/Mapa_solo_Workshop.pdf\" data-type=\"URL\" data-id=\"https:\/\/mikas.colli.com.br\/site\/wp-content\/uploads\/2023\/05\/Mapa_solo_Workshop.pdf\" target=\"_blank\" rel=\"noreferrer noopener\">Mapa de Palco &#8211; Setup &#8211; Workshop &#8211; Apresenta\u00e7\u00e3o Solo<\/a><\/strong><\/p>\n","protected":false},"excerpt":{"rendered":"<p>Tecnicamente, n\u00e3o sou um guitarrista. Tudo que toco \u00e9 verdade e emo\u00e7\u00e3o. ( Jimi Hendrix) Mikas Colli usa e indica [&hellip;]<\/p>\n","protected":false},"author":1,"featured_media":0,"parent":0,"menu_order":0,"comment_status":"closed","ping_status":"closed","template":"","meta":{"footnotes":""},"class_list":["post-77","page","type-page","status-publish","hentry"],"_links":{"self":[{"href":"https:\/\/mikas.colli.com.br\/site\/wp-json\/wp\/v2\/pages\/77","targetHints":{"allow":["GET"]}}],"collection":[{"href":"https:\/\/mikas.colli.com.br\/site\/wp-json\/wp\/v2\/pages"}],"about":[{"href":"https:\/\/mikas.colli.com.br\/site\/wp-json\/wp\/v2\/types\/page"}],"author":[{"embeddable":true,"href":"https:\/\/mikas.colli.com.br\/site\/wp-json\/wp\/v2\/users\/1"}],"replies":[{"embeddable":true,"href":"https:\/\/mikas.colli.com.br\/site\/wp-json\/wp\/v2\/comments?post=77"}],"version-history":[{"count":23,"href":"https:\/\/mikas.colli.com.br\/site\/wp-json\/wp\/v2\/pages\/77\/revisions"}],"predecessor-version":[{"id":354,"href":"https:\/\/mikas.colli.com.br\/site\/wp-json\/wp\/v2\/pages\/77\/revisions\/354"}],"wp:attachment":[{"href":"https:\/\/mikas.colli.com.br\/site\/wp-json\/wp\/v2\/media?parent=77"}],"curies":[{"name":"wp","href":"https:\/\/api.w.org\/{rel}","templated":true}]}}